{"id":6528,"date":"2024-05-15T16:27:53","date_gmt":"2024-05-15T16:27:53","guid":{"rendered":"https:\/\/santiagotalavera.com\/prensa-santiago-talavera\/"},"modified":"2025-03-07T10:16:34","modified_gmt":"2025-03-07T10:16:34","slug":"press-santiago-talavera","status":"publish","type":"page","link":"https:\/\/santiagotalavera.com\/en\/press-santiago-talavera\/","title":{"rendered":"PRESS"},"content":{"rendered":"<div class=\"wpb-content-wrapper\"><p>[vc_row][vc_column width=&#8221;1\/5&#8243;][\/vc_column][vc_column width=&#8221;3\/5&#8243;][vc_column_text css=&#8221;&#8221;]<\/p>\n<ul class=\"textos\">\n<li class=\"boton\" style=\"list-style-type: none;\">\u2326\u00a0<a class=\"anchorLink\" href=\"https:\/\/nuebo.es\/textos\/santiago-talavera-entrevista\/\" target=\"_blank\" rel=\"noopener noreferrer\">Entrevista a Santiago Talavera<\/a>.<br \/>\nBy Juan \u00c1ngel Asensio. NUEBO Magazine. 2025<\/li>\n<li class=\"boton\" style=\"list-style-type: none;\">\u2326\u00a0<a class=\"anchorLink\" href=\"https:\/\/santiagotalavera.com\/hauntopolis-teatro-del-fin-del-mundo-abc-cultural\/\" target=\"_blank\" rel=\"noopener noreferrer\">Sentir el aire sin poder respirar<\/a>.<br \/>\nBy Noem\u00ed M\u00e9ndez. ABC Cultural. 2024<\/li>\n<li class=\"boton\" style=\"list-style-type: none;\">\u2326\u00a0<a class=\"anchorLink\" href=\"https:\/\/santiagotalavera.com\/hauntopolis-articulo-diario-montanhes\/\" target=\"_blank\" rel=\"noopener noreferrer\"><em>Hauntopolis<\/em> de Santiago Talavera abre en Nave Sotoliva el a\u00f1o expositivo portuario<\/a>.<br \/>\nBy Guillermo Balbona. El Diario Monta\u00f1\u00e9s. 2024<\/li>\n<li class=\"boton\" style=\"list-style-type: none;\">\u2326\u00a0<a class=\"anchorLink\" href=\"https:\/\/www.plataformadeartecontemporaneo.com\/pac\/santiago-talavera-futuro-imaginario-frente-a-un-sentir-actual\/\" target=\"_blank\" rel=\"noopener noreferrer\"><em>Santiago Talavera. Futuro imaginario frente a un sentir actual<\/em><\/a>.<br \/>\nBy Loles Mongui\u00f3. PAC. Plataforma de arte contempor\u00e1neo. 2022<\/li>\n<li class=\"boton\" style=\"list-style-type: none;\">\u2326\u00a0<a class=\"anchorLink\" href=\"https:\/\/www.telecinco.es\/noticias\/cultura\/20220626\/santiago-talavera-artista-exposicion-londres_18_06713793.html\" target=\"_blank\" rel=\"noopener noreferrer\"><em>Necesitamos una ecolog\u00eda de la imagen<\/em><\/a>.<br \/>\nBy Daniel Postico. NIUS. 2022<\/li>\n<li class=\"boton\" style=\"list-style-type: none;\">\u2326\u00a0<a class=\"anchorLink\" href=\"https:\/\/cervezanegra.blog\/2022\/01\/18\/geologia-de-la-humanidad-arqueologia-futura\/\" target=\"_blank\" rel=\"noopener noreferrer\"><em>Geolog\u00eda de la humanidad. Arqueolog\u00eda futura<\/em><\/a>.<br \/>\nBy Cerveza Negra. 2022<\/li>\n<li class=\"boton\" style=\"list-style-type: none;\">\u2326\u00a0<a class=\"anchorLink\" href=\"https:\/\/www.makma.net\/santiago-talavera-esta-sobresaturacion-de-relatos-distopicos-nos-puede-enrocar\/\" target=\"_blank\" rel=\"noopener noreferrer\"><em>Esta sobresaturaci\u00f3n de relatos dist\u00f3picos nos puede enrocar<\/em><\/a>.<br \/>\nBy Salva Torres. MAKMA. Revista de artes visuales y cultura contempor\u00e1nea. 2021<\/li>\n<li class=\"boton\" style=\"list-style-type: none;\">\u2326\u00a0<a class=\"anchorLink\" href=\"https:\/\/verlanga.com\/exposiciones\/imaginando-mundos-mejores-despues-del-colapso\/\" target=\"_blank\" rel=\"noopener noreferrer\"><em>Imaginando mundos mejores despu\u00e9s del colapso<\/em><\/a>.<br \/>\nBy Rafa Rodr\u00edguez Gimeno. Verlanga. 2021<\/li>\n<li class=\"boton\" style=\"list-style-type: none;\">\u2326\u00a0<a class=\"anchorLink\" href=\"https:\/\/www.yorokobu.es\/abierto-valencia-2021\/\" target=\"_blank\" rel=\"noopener noreferrer\"><em>El arte postpand\u00e9mico habla de pasados extra\u00f1os<\/em><\/a>.<br \/>\nYOROKOBU. 2021<\/li>\n<li class=\"boton\" style=\"list-style-type: none;\">\u2326\u00a0<a class=\"anchorLink\" href=\"https:\/\/blog.signus.es\/esas-escenografias-fantasmagoricas-de-santiago-talavera-que-se-hacen-realidad\/\" target=\"_blank\" rel=\"noopener noreferrer\"><em>Esas escenograf\u00edas fantasmag\u00f3ricas de Santiago Talavera que se hacen realidad<\/em><\/a>.<br \/>\nBy Rafa Ruiz. BLog Signus Ecovalor. 2021<\/li>\n<li class=\"boton\" style=\"list-style-type: none;\">\u2326\u00a0<a class=\"anchorLink\" href=\"https:\/\/www.contemporary-art-collectors.com\/artists\/santiago-talavera?rq=Santiago%20Talavera\" target=\"_blank\" rel=\"noopener noreferrer\"><em>Entrevista en Contemporary Art Collectors<\/em><\/a>.<br \/>\nContemporary Art Collectors. 2020<\/li>\n<li class=\"boton\" style=\"list-style-type: none;\">\u2326\u00a0<a class=\"anchorLink\" href=\"https:\/\/elemmental.com\/2019\/10\/15\/santiago-talavera-hay-una-micropolitica-bastante-clara-para-mi-en-cualquier-planteamiento-artistico\/\" target=\"_blank\" rel=\"noopener noreferrer\"><em>Hay una micropol\u00edtica bastante clara para m\u00ed en cualquier planteamiento art\u00edstico<\/em><\/a>.<br \/>\nBy Mar\u00eda von Touceda. Elemmental. 2019<\/li>\n<li class=\"boton\" style=\"list-style-type: none;\">\u2326\u00a0<a class=\"anchorLink\" href=\"https:\/\/www.rtve.es\/play\/audios\/desatados\/desatados-03-enero\/4428491\/\" target=\"_blank\" rel=\"noopener noreferrer\"><em>Desatados, Santiago Talavera<\/em><\/a>.<br \/>\nRTVE, radio 3 extra. 2018<\/li>\n<li class=\"boton\" style=\"list-style-type: none;\">\u2326\u00a0<a class=\"anchorLink\" href=\"http:\/\/elasombrario.com\/santiago-talavera-romantico-animalista\" target=\"_blank\" rel=\"noopener noreferrer\"><em>Santiago Talavera, &#8216;el rom\u00e1ntico animalista&#8217;<\/em><\/a>.<br \/>\nBy Rafa Ruiz. El Asombrario &amp;co. 2016<\/li>\n<li class=\"boton\" style=\"list-style-type: none;\">\u2326\u00a0<a class=\"anchorLink\" href=\"http:\/\/www.eldiario.es\/caballodenietzsche\/Goya-abolicion-tauromaquia_6_509609035.html\" target=\"_blank\" rel=\"noopener noreferrer\">El diario.es \/ El Caballo de Nietzsche \/ <em>Goya y la abolici\u00f3n de la tauromaquia<\/em><\/a>.<br \/>\nBy Santiago Talavera. 2016<\/li>\n<li class=\"boton\" style=\"list-style-type: none;\">\u2326\u00a0<a class=\"anchorLink\" href=\"http:\/\/masdearte.com\/opinion\/encuarentena\/santiago-talavera-%C2%B7-el-sueno-eterno\/\" target=\"_blank\" rel=\"noopener noreferrer\">Masdearte.com \/ <em>Santiago Talavera, el sue\u00f1o eterno<\/em><\/a>.<br \/>\nBy Noem\u00ed M\u00e9ndez. 2015<\/li>\n<li class=\"boton\" style=\"list-style-type: none;\">\u2326\u00a0<a class=\"anchorLink\" href=\"http:\/\/www.santiagotalavera.com\/textos\/ramon_rivas.pdf\" target=\"_blank\" rel=\"noopener noreferrer\"><em>Entrevista para Es Madrid no Madriz Magazine<\/em><\/a>.<br \/>\nPor Ram\u00f3n Rivas. 2015<\/li>\n<li class=\"boton\" style=\"list-style-type: none;\">\u2326\u00a0<a class=\"anchorLink\" href=\"http:\/\/www.abc.es\/cultura\/cultural\/20131227\/abci-arte-proyecto-cultural-santiago-201312271638.html\" target=\"_blank\" rel=\"noopener noreferrer\">Proyecto ABC Cultural \/ <em>C\u00f3mo descodificar una silla<\/em><\/a>.<br \/>\nBy Javier D\u00edaz Guardiola. 2013<\/li>\n<li class=\"boton\" style=\"list-style-type: none;\">\u2326\u00a0<a class=\"anchorLink\" href=\"http:\/\/www.lanewgallery.com\/wp-content\/uploads\/ST-14-09-2013.pdf\" target=\"_blank\" rel=\"noopener noreferrer\">ABCD Cultural \/ <em>En el estudio con el artista<\/em><\/a>.<br \/>\nBy V\u00edctor Zarza. 2013<\/li>\n<li class=\"boton\" style=\"list-style-type: none;\">\u2326\u00a0<a class=\"anchorLink\" href=\"https:\/\/semiramisgonzalez.com\/cinco-exposiciones-fundamentales-que-pudimos-ver-en-2013\/\" target=\"_blank\" rel=\"noopener noreferrer\">Cinco exposiciones fundamentales que pudimos ver en 2013<\/a>.<br \/>\nBy Sem\u00edramis Gonz\u00e1lez. 2013<\/li>\n<li class=\"boton\" style=\"list-style-type: none;\">\u2326\u00a0<a class=\"anchorLink\" href=\"http:\/\/www.elmundo.es\/elmundo\/2013\/09\/10\/cultura\/1378813042.html\" target=\"_blank\" rel=\"noopener noreferrer\">El Mundo.com \/ <em>Lo necesario y lo contingente<\/em><\/a>.<br \/>\nBy Elena Vasconcellos. 2013<\/li>\n<li class=\"boton\" style=\"list-style-type: none;\">\u2326\u00a0<a class=\"anchorLink\" href=\"http:\/\/www.santiagotalavera.com\/textos\/sara_torresPAC.pdf\" target=\"_blank\" rel=\"noopener noreferrer\"><em>Entrevista para PAC<\/em><\/a>.<br \/>\nBy Sara Torres. 2013<\/li>\n<li class=\"boton\" style=\"list-style-type: none;\">\u2326\u00a0<a class=\"anchorLink\" href=\"http:\/\/santiagotalavera.com\/wp-content\/uploads\/2013\/11\/critica_oscar.pdf\" target=\"_blank\" rel=\"noopener noreferrer\">ABCD Cultural \/ <em>Car\u00e1cter destructivo<\/em><\/a>.<br \/>\nBy \u00d3scar Alonso Molina. 2009<\/li>\n<li class=\"boton\" style=\"list-style-type: none;\">\u2326\u00a0<a class=\"anchorLink\" href=\"http:\/\/www.santiagotalavera.com\/textos\/ivan_de_la_torre.pdf\" target=\"_blank\" rel=\"noopener noreferrer\"><em>Santiago Talavera<\/em><\/a>.<br \/>\nBy Iv\u00e1n de la Torre Amerighi. 2009<\/li>\n<\/ul>\n<p>[\/vc_column_text][\/vc_column][vc_column width=&#8221;1\/5&#8243;][\/vc_column][\/vc_row]<\/p>\n<\/div>","protected":false},"excerpt":{"rendered":"<p>[vc_row][vc_column width=&#8221;1\/5&#8243;][\/vc_column][vc_column width=&#8221;3\/5&#8243;][vc_column_text css=&#8221;&#8221;] \u2326\u00a0Entrevista a Santiago Talavera. By Juan \u00c1ngel Asensio. NUEBO Magazine. 2025 \u2326\u00a0Sentir el aire sin poder&#8230;<\/p>\n","protected":false},"author":1,"featured_media":0,"parent":0,"menu_order":0,"comment_status":"closed","ping_status":"closed","template":"","meta":{"footnotes":""},"class_list":["post-6528","page","type-page","status-publish","hentry"],"yoast_head":"<!-- This site is optimized with the Yoast SEO Premium plugin v20.3 (Yoast SEO v27.4) - https:\/\/yoast.com\/product\/yoast-seo-premium-wordpress\/ -->\n<title>Press - Santiago Talavera<\/title>\n<meta name=\"description\" content=\"Press page of artist Santiago Talavera&#039;s website where you can find interviews, articles, reviews and much more.\" \/>\n<meta name=\"robots\" content=\"index, follow, max-snippet:-1, max-image-preview:large, max-video-preview:-1\" \/>\n<link rel=\"canonical\" href=\"https:\/\/santiagotalavera.com\/en\/press-santiago-talavera\/\" \/>\n<meta property=\"og:locale\" content=\"en_US\" \/>\n<meta property=\"og:type\" content=\"article\" \/>\n<meta property=\"og:title\" content=\"PRESS\" \/>\n<meta property=\"og:description\" content=\"Press page of artist Santiago Talavera&#039;s website where you can find interviews, articles, reviews and much more.\" \/>\n<meta property=\"og:url\" content=\"https:\/\/santiagotalavera.com\/en\/press-santiago-talavera\/\" \/>\n<meta property=\"og:site_name\" content=\"Santiago Talavera\" \/>\n<meta property=\"article:publisher\" content=\"https:\/\/www.facebook.com\/SantiagoTalavera\" \/>\n<meta property=\"article:modified_time\" content=\"2025-03-07T10:16:34+00:00\" \/>\n<meta property=\"og:image\" content=\"https:\/\/santiagotalavera.com\/wp-content\/uploads\/2024\/03\/Nave_Sotoliva_Santiago_Talavera_ALTA_\u00a9_Campo_Visible_163-scaled.jpg\" \/>\n\t<meta property=\"og:image:width\" content=\"1707\" \/>\n\t<meta property=\"og:image:height\" content=\"2560\" \/>\n\t<meta property=\"og:image:type\" content=\"image\/jpeg\" \/>\n<meta name=\"twitter:card\" content=\"summary_large_image\" \/>\n<meta name=\"twitter:site\" content=\"@s_talavera\" \/>\n<meta name=\"twitter:label1\" content=\"Est. reading time\" \/>\n\t<meta name=\"twitter:data1\" content=\"2 minutes\" \/>\n<script type=\"application\/ld+json\" class=\"yoast-schema-graph\">{\"@context\":\"https:\\\/\\\/schema.org\",\"@graph\":[{\"@type\":\"WebPage\",\"@id\":\"https:\\\/\\\/santiagotalavera.com\\\/en\\\/press-santiago-talavera\\\/\",\"url\":\"https:\\\/\\\/santiagotalavera.com\\\/en\\\/press-santiago-talavera\\\/\",\"name\":\"Press - Santiago Talavera\",\"isPartOf\":{\"@id\":\"https:\\\/\\\/santiagotalavera.com\\\/en\\\/#website\"},\"datePublished\":\"2024-05-15T16:27:53+00:00\",\"dateModified\":\"2025-03-07T10:16:34+00:00\",\"description\":\"Press page of artist Santiago Talavera's website where you can find interviews, articles, reviews and much more.\",\"breadcrumb\":{\"@id\":\"https:\\\/\\\/santiagotalavera.com\\\/en\\\/press-santiago-talavera\\\/#breadcrumb\"},\"inLanguage\":\"en-US\",\"potentialAction\":[{\"@type\":\"ReadAction\",\"target\":[\"https:\\\/\\\/santiagotalavera.com\\\/en\\\/press-santiago-talavera\\\/\"]}]},{\"@type\":\"BreadcrumbList\",\"@id\":\"https:\\\/\\\/santiagotalavera.com\\\/en\\\/press-santiago-talavera\\\/#breadcrumb\",\"itemListElement\":[{\"@type\":\"ListItem\",\"position\":1,\"name\":\"Portada\",\"item\":\"https:\\\/\\\/santiagotalavera.com\\\/en\\\/\"},{\"@type\":\"ListItem\",\"position\":2,\"name\":\"PRESS\"}]},{\"@type\":\"WebSite\",\"@id\":\"https:\\\/\\\/santiagotalavera.com\\\/en\\\/#website\",\"url\":\"https:\\\/\\\/santiagotalavera.com\\\/en\\\/\",\"name\":\"Santiago Talavera\",\"description\":\"Santiago Talavera. Web oficial donde encontrar la obra de Santiago Talavera, artista contempor\u00e1neo espa\u00f1ol. Spanish contemporary artist.\",\"publisher\":{\"@id\":\"https:\\\/\\\/santiagotalavera.com\\\/en\\\/#\\\/schema\\\/person\\\/14329614a1823da35e68d37318e84d37\"},\"potentialAction\":[{\"@type\":\"SearchAction\",\"target\":{\"@type\":\"EntryPoint\",\"urlTemplate\":\"https:\\\/\\\/santiagotalavera.com\\\/en\\\/?s={search_term_string}\"},\"query-input\":{\"@type\":\"PropertyValueSpecification\",\"valueRequired\":true,\"valueName\":\"search_term_string\"}}],\"inLanguage\":\"en-US\"},{\"@type\":[\"Person\",\"Organization\"],\"@id\":\"https:\\\/\\\/santiagotalavera.com\\\/en\\\/#\\\/schema\\\/person\\\/14329614a1823da35e68d37318e84d37\",\"name\":\"Santiago Talavera\",\"image\":{\"@type\":\"ImageObject\",\"inLanguage\":\"en-US\",\"@id\":\"https:\\\/\\\/santiagotalavera.com\\\/wp-content\\\/uploads\\\/2024\\\/03\\\/Nave_Sotoliva_Santiago_Talavera_ALTA_\u00a9_Campo_Visible_163-scaled.jpg\",\"url\":\"https:\\\/\\\/santiagotalavera.com\\\/wp-content\\\/uploads\\\/2024\\\/03\\\/Nave_Sotoliva_Santiago_Talavera_ALTA_\u00a9_Campo_Visible_163-scaled.jpg\",\"contentUrl\":\"https:\\\/\\\/santiagotalavera.com\\\/wp-content\\\/uploads\\\/2024\\\/03\\\/Nave_Sotoliva_Santiago_Talavera_ALTA_\u00a9_Campo_Visible_163-scaled.jpg\",\"width\":1707,\"height\":2560,\"caption\":\"Santiago Talavera\"},\"logo\":{\"@id\":\"https:\\\/\\\/santiagotalavera.com\\\/wp-content\\\/uploads\\\/2024\\\/03\\\/Nave_Sotoliva_Santiago_Talavera_ALTA_\u00a9_Campo_Visible_163-scaled.jpg\"},\"sameAs\":[\"http:\\\/\\\/santiagotalavera.com\",\"https:\\\/\\\/www.facebook.com\\\/SantiagoTalavera\",\"https:\\\/\\\/www.instagram.com\\\/santiagotalavera\\\/\",\"https:\\\/\\\/www.linkedin.com\\\/in\\\/santiagotalavera\\\/\",\"https:\\\/\\\/www.pinterest.es\\\/SantiagoTalave\",\"https:\\\/\\\/x.com\\\/https:\\\/\\\/twitter.com\\\/s_talavera\",\"https:\\\/\\\/www.youtube.com\\\/channel\\\/UCBXbwuImVuvZMzHqKjyNUSw\",\"https:\\\/\\\/soundcloud.com\\\/santiago-talavera\"]}]}<\/script>\n<!-- \/ Yoast SEO Premium plugin. -->","yoast_head_json":{"title":"Press - Santiago Talavera","description":"Press page of artist Santiago Talavera's website where you can find interviews, articles, reviews and much more.","robots":{"index":"index","follow":"follow","max-snippet":"max-snippet:-1","max-image-preview":"max-image-preview:large","max-video-preview":"max-video-preview:-1"},"canonical":"https:\/\/santiagotalavera.com\/en\/press-santiago-talavera\/","og_locale":"en_US","og_type":"article","og_title":"PRESS","og_description":"Press page of artist Santiago Talavera's website where you can find interviews, articles, reviews and much more.","og_url":"https:\/\/santiagotalavera.com\/en\/press-santiago-talavera\/","og_site_name":"Santiago Talavera","article_publisher":"https:\/\/www.facebook.com\/SantiagoTalavera","article_modified_time":"2025-03-07T10:16:34+00:00","og_image":[{"width":1707,"height":2560,"url":"https:\/\/santiagotalavera.com\/wp-content\/uploads\/2024\/03\/Nave_Sotoliva_Santiago_Talavera_ALTA_\u00a9_Campo_Visible_163-scaled.jpg","type":"image\/jpeg"}],"twitter_card":"summary_large_image","twitter_site":"@s_talavera","twitter_misc":{"Est. reading time":"2 minutes"},"schema":{"@context":"https:\/\/schema.org","@graph":[{"@type":"WebPage","@id":"https:\/\/santiagotalavera.com\/en\/press-santiago-talavera\/","url":"https:\/\/santiagotalavera.com\/en\/press-santiago-talavera\/","name":"Press - Santiago Talavera","isPartOf":{"@id":"https:\/\/santiagotalavera.com\/en\/#website"},"datePublished":"2024-05-15T16:27:53+00:00","dateModified":"2025-03-07T10:16:34+00:00","description":"Press page of artist Santiago Talavera's website where you can find interviews, articles, reviews and much more.","breadcrumb":{"@id":"https:\/\/santiagotalavera.com\/en\/press-santiago-talavera\/#breadcrumb"},"inLanguage":"en-US","potentialAction":[{"@type":"ReadAction","target":["https:\/\/santiagotalavera.com\/en\/press-santiago-talavera\/"]}]},{"@type":"BreadcrumbList","@id":"https:\/\/santiagotalavera.com\/en\/press-santiago-talavera\/#breadcrumb","itemListElement":[{"@type":"ListItem","position":1,"name":"Portada","item":"https:\/\/santiagotalavera.com\/en\/"},{"@type":"ListItem","position":2,"name":"PRESS"}]},{"@type":"WebSite","@id":"https:\/\/santiagotalavera.com\/en\/#website","url":"https:\/\/santiagotalavera.com\/en\/","name":"Santiago Talavera","description":"Santiago Talavera. Web oficial donde encontrar la obra de Santiago Talavera, artista contempor\u00e1neo espa\u00f1ol. Spanish contemporary artist.","publisher":{"@id":"https:\/\/santiagotalavera.com\/en\/#\/schema\/person\/14329614a1823da35e68d37318e84d37"},"potentialAction":[{"@type":"SearchAction","target":{"@type":"EntryPoint","urlTemplate":"https:\/\/santiagotalavera.com\/en\/?s={search_term_string}"},"query-input":{"@type":"PropertyValueSpecification","valueRequired":true,"valueName":"search_term_string"}}],"inLanguage":"en-US"},{"@type":["Person","Organization"],"@id":"https:\/\/santiagotalavera.com\/en\/#\/schema\/person\/14329614a1823da35e68d37318e84d37","name":"Santiago Talavera","image":{"@type":"ImageObject","inLanguage":"en-US","@id":"https:\/\/santiagotalavera.com\/wp-content\/uploads\/2024\/03\/Nave_Sotoliva_Santiago_Talavera_ALTA_\u00a9_Campo_Visible_163-scaled.jpg","url":"https:\/\/santiagotalavera.com\/wp-content\/uploads\/2024\/03\/Nave_Sotoliva_Santiago_Talavera_ALTA_\u00a9_Campo_Visible_163-scaled.jpg","contentUrl":"https:\/\/santiagotalavera.com\/wp-content\/uploads\/2024\/03\/Nave_Sotoliva_Santiago_Talavera_ALTA_\u00a9_Campo_Visible_163-scaled.jpg","width":1707,"height":2560,"caption":"Santiago Talavera"},"logo":{"@id":"https:\/\/santiagotalavera.com\/wp-content\/uploads\/2024\/03\/Nave_Sotoliva_Santiago_Talavera_ALTA_\u00a9_Campo_Visible_163-scaled.jpg"},"sameAs":["http:\/\/santiagotalavera.com","https:\/\/www.facebook.com\/SantiagoTalavera","https:\/\/www.instagram.com\/santiagotalavera\/","https:\/\/www.linkedin.com\/in\/santiagotalavera\/","https:\/\/www.pinterest.es\/SantiagoTalave","https:\/\/x.com\/https:\/\/twitter.com\/s_talavera","https:\/\/www.youtube.com\/channel\/UCBXbwuImVuvZMzHqKjyNUSw","https:\/\/soundcloud.com\/santiago-talavera"]}]}},"_links":{"self":[{"href":"https:\/\/santiagotalavera.com\/en\/wp-json\/wp\/v2\/pages\/6528","targetHints":{"allow":["GET"]}}],"collection":[{"href":"https:\/\/santiagotalavera.com\/en\/wp-json\/wp\/v2\/pages"}],"about":[{"href":"https:\/\/santiagotalavera.com\/en\/wp-json\/wp\/v2\/types\/page"}],"author":[{"embeddable":true,"href":"https:\/\/santiagotalavera.com\/en\/wp-json\/wp\/v2\/users\/1"}],"replies":[{"embeddable":true,"href":"https:\/\/santiagotalavera.com\/en\/wp-json\/wp\/v2\/comments?post=6528"}],"version-history":[{"count":11,"href":"https:\/\/santiagotalavera.com\/en\/wp-json\/wp\/v2\/pages\/6528\/revisions"}],"predecessor-version":[{"id":7247,"href":"https:\/\/santiagotalavera.com\/en\/wp-json\/wp\/v2\/pages\/6528\/revisions\/7247"}],"wp:attachment":[{"href":"https:\/\/santiagotalavera.com\/en\/wp-json\/wp\/v2\/media?parent=6528"}],"curies":[{"name":"wp","href":"https:\/\/api.w.org\/{rel}","templated":true}]}}